{"id":28224,"date":"2024-03-09T16:35:18","date_gmt":"2024-03-09T16:35:18","guid":{"rendered":"https:\/\/around-oman.com\/datenschutzbestimmungen\/"},"modified":"2024-12-15T17:12:27","modified_gmt":"2024-12-15T17:12:27","slug":"datenschutzbestimmungen","status":"publish","type":"page","link":"https:\/\/around-oman.com\/de\/datenschutzbestimmungen\/","title":{"rendered":"Datenschutzbestimmungen"},"content":{"rendered":"\t\t<div data-elementor-type=\"wp-page\" data-elementor-id=\"28224\" class=\"elementor elementor-28224 elementor-3\" data-elementor-post-type=\"page\">\n\t\t\t\t\t\t<section class=\"elementor-section elementor-top-section elementor-element elementor-element-198989f5 elementor-section-boxed elementor-section-height-default elementor-section-height-default\" data-id=\"198989f5\" data-element_type=\"section\">\n\t\t\t\t\t\t<div class=\"elementor-container elementor-column-gap-default\">\n\t\t\t\t\t<div class=\"elementor-column elementor-col-100 elementor-top-column elementor-element elementor-element-44e39047\" data-id=\"44e39047\" data-element_type=\"column\">\n\t\t\t<div class=\"elementor-widget-wrap elementor-element-populated\">\n\t\t\t\t\t\t<div class=\"elementor-element elementor-element-3efffc73 elementor-widget elementor-widget-text-editor\" data-id=\"3efffc73\" data-element_type=\"widget\" data-widget_type=\"text-editor.default\">\n\t\t\t\t<div class=\"elementor-widget-container\">\n\t\t\t<style>\/*! elementor - v3.23.0 - 23-07-2024 *\/\n.elementor-widget-text-editor.elementor-drop-cap-view-stacked .elementor-drop-cap{background-color:#69727d;color:#fff}.elementor-widget-text-editor.elementor-drop-cap-view-framed .elementor-drop-cap{color:#69727d;border:3px solid;background-color:transparent}.elementor-widget-text-editor:not(.elementor-drop-cap-view-default) .elementor-drop-cap{margin-top:8px}.elementor-widget-text-editor:not(.elementor-drop-cap-view-default) .elementor-drop-cap-letter{width:1em;height:1em}.elementor-widget-text-editor .elementor-drop-cap{float:left;text-align:center;line-height:1;font-size:50px}.elementor-widget-text-editor .elementor-drop-cap-letter{display:inline-block}<\/style>\t\t\t\t<br>\n\t\t\t\t\t\t<\/div>\n\t\t\t\t<\/div>\n\t\t\t\t\t<\/div>\n\t\t<\/div>\n\t\t\t\t\t<\/div>\n\t\t<\/section>\n\t\t\t\t<section class=\"elementor-section elementor-top-section elementor-element elementor-element-bceb9db elementor-section-boxed elementor-section-height-default elementor-section-height-default\" data-id=\"bceb9db\" data-element_type=\"section\">\n\t\t\t\t\t\t<div class=\"elementor-container elementor-column-gap-default\">\n\t\t\t\t\t<div class=\"elementor-column elementor-col-100 elementor-top-column elementor-element elementor-element-5362065\" data-id=\"5362065\" data-element_type=\"column\">\n\t\t\t<div class=\"elementor-widget-wrap elementor-element-populated\">\n\t\t\t\t\t\t<div class=\"elementor-element elementor-element-5f99396 elementor-widget elementor-widget-text-editor\" data-id=\"5f99396\" data-element_type=\"widget\" data-widget_type=\"text-editor.default\">\n\t\t\t\t<div class=\"elementor-widget-container\">\n\t\t\t\t\t\t\t\n<p>Wir von <em>Around Oman<\/em><a href=\"https:\/\/around-oman.com\/de\/\" target=\"_new\" rel=\"noopener\">(https:\/\/around-oman.com\/)<\/a> verpflichten uns, die Privatsph\u00e4re und Sicherheit unserer Besucher und Nutzer zu sch\u00fctzen. Diese Datenschutzrichtlinie beschreibt, welche Arten von pers\u00f6nlichen Informationen wir sammeln, wie wir sie verwenden und wie wir Ihre Daten sch\u00fctzen. <\/p>\n<h3>1. <strong>Informationen, die wir sammeln<\/strong><\/h3>\n<p>Wir k\u00f6nnen die folgenden Arten von Informationen sammeln:<\/p>\n<ul>\n<li><strong>Pers\u00f6nliche Informationen<\/strong>: Dazu geh\u00f6ren Ihr Name, Ihre E-Mail-Adresse, Ihre Telefonnummer und Ihre gesch\u00e4ftlichen Daten, wenn Sie sich auf unserer Website registrieren oder ein Formular ausf\u00fcllen.<\/li>\n<li><strong>Nutzungsdaten<\/strong>: Informationen dar\u00fcber, wie Sie auf die Website zugreifen und diese nutzen, einschlie\u00dflich Ihrer IP-Adresse, des Browsertyps und der aufgerufenen Seiten.<\/li>\n<li><strong>Cookies<\/strong>: Wir verwenden Cookies, um Ihre Erfahrung auf unserer Website zu verbessern.\nSie k\u00f6nnen die Verwendung von Cookies \u00fcber Ihre Browsereinstellungen steuern. <\/li>\n<\/ul>\n<h3>2. <strong>Wie wir Ihre Informationen verwenden<\/strong><\/h3>\n<p>Wir verwenden Ihre Informationen, um:<\/p>\n<ul>\n<li>Bereitstellung, Betrieb und Pflege der Website.<\/li>\n<li>Beantworten Sie Anfragen und leisten Sie Kundensupport.<\/li>\n<li>Verbessern Sie die Website und unsere Dienstleistungen.<\/li>\n<li>Versenden regelm\u00e4\u00dfiger E-Mails \u00fcber Updates, neue Funktionen oder Werbeangebote (nur wenn Sie dem Erhalt solcher Mitteilungen zustimmen).<\/li>\n<\/ul>\n<h3>3. <strong>Wie wir Ihre Informationen weitergeben<\/strong><\/h3>\n<p>Wir werden Ihre pers\u00f6nlichen Daten nicht an Dritte verkaufen, tauschen oder anderweitig weitergeben.\nWir k\u00f6nnen Ihre Daten jedoch an vertrauensw\u00fcrdige Dienstleister weitergeben, die uns beim Betrieb unserer Website unterst\u00fctzen, sofern sich diese Parteien verpflichten, diese Informationen vertraulich zu behandeln. <\/p>\n<h3>4. <strong>Datensicherheit<\/strong><\/h3>\n<p>Wir ergreifen angemessene Sicherheitsma\u00dfnahmen, um Ihre pers\u00f6nlichen Daten vor unbefugtem Zugriff, Offenlegung oder Ver\u00e4nderung zu sch\u00fctzen.\nAllerdings ist keine Methode der \u00dcbertragung \u00fcber das Internet v\u00f6llig sicher, und wir k\u00f6nnen keine absolute Sicherheit garantieren. <\/p>\n<h3>5. <strong>Ihre Rechte<\/strong><\/h3>\n<p>Sie haben das Recht dazu:<\/p>\n<ul>\n<li>Auf Ihre pers\u00f6nlichen Daten zuzugreifen, sie zu aktualisieren oder zu l\u00f6schen.<\/li>\n<li>Ihre Zustimmung zur Verarbeitung Ihrer Daten widerrufen.<\/li>\n<li>Sie k\u00f6nnen verlangen, dass wir die Verwendung Ihrer Daten einschr\u00e4nken.<\/li>\n<\/ul>\n<h3>6. <strong>Links von Drittanbietern<\/strong><\/h3>\n<p>Unsere Website kann Links zu anderen Websites enthalten.\nWir sind nicht verantwortlich f\u00fcr die Datenschutzpraktiken oder den Inhalt dieser externen Websites. <\/p>\n<h3>7. <strong>\u00c4nderungen an dieser Datenschutzrichtlinie<\/strong><\/h3>\n<p>Wir k\u00f6nnen diese Datenschutzrichtlinie von Zeit zu Zeit aktualisieren. Alle \u00c4nderungen werden auf dieser Seite ver\u00f6ffentlicht, und wir empfehlen Ihnen, sie regelm\u00e4\u00dfig zu lesen. <\/p>\n<h3>8. <strong>Kontaktieren Sie uns<\/strong><\/h3>\n<p>Wenn Sie Fragen oder Bedenken zu dieser Datenschutzrichtlinie haben, kontaktieren Sie uns bitte unter:<\/p>\n<p><strong>Rund um Oman<\/strong><br>E-Mail: [info@around-oman .com]<br>Telefon: [+96891373351]<\/p>\t\t\t\t\t\t<\/div>\n\t\t\t\t<\/div>\n\t\t\t\t\t<\/div>\n\t\t<\/div>\n\t\t\t\t\t<\/div>\n\t\t<\/section>\n\t\t\t\t<\/div>\n\t\t","protected":false},"excerpt":{"rendered":"<p>Wir von Around Oman(https:\/\/around-oman.com\/) verpflichten uns, die Privatsph\u00e4re und Sicherheit unserer Besucher und Nutzer zu sch\u00fctzen. Diese Datenschutzrichtlinie beschreibt, welche Arten von pers\u00f6nlichen Informationen wir sammeln, wie wir sie verwenden und wie wir Ihre Daten sch\u00fctzen. 1. Informationen, die wir sammeln Wir k\u00f6nnen die folgenden Arten von Informationen sammeln: Pers\u00f6nliche Informationen: Dazu geh\u00f6ren Ihr Name, [&hellip;]<\/p>\n","protected":false},"author":1,"featured_media":0,"parent":0,"menu_order":0,"comment_status":"closed","ping_status":"open","template":"","meta":{"_acf_changed":false,"footnotes":""},"class_list":["post-28224","page","type-page","status-publish","hentry"],"acf":[],"cubewp_post_meta":[],"taxonomies":["Optional"],"_links":{"self":[{"href":"https:\/\/around-oman.com\/de\/wp-json\/wp\/v2\/pages\/28224"}],"collection":[{"href":"https:\/\/around-oman.com\/de\/wp-json\/wp\/v2\/pages"}],"about":[{"href":"https:\/\/around-oman.com\/de\/wp-json\/wp\/v2\/types\/page"}],"author":[{"embeddable":true,"href":"https:\/\/around-oman.com\/de\/wp-json\/wp\/v2\/users\/1"}],"replies":[{"embeddable":true,"href":"https:\/\/around-oman.com\/de\/wp-json\/wp\/v2\/comments?post=28224"}],"version-history":[{"count":4,"href":"https:\/\/around-oman.com\/de\/wp-json\/wp\/v2\/pages\/28224\/revisions"}],"predecessor-version":[{"id":28787,"href":"https:\/\/around-oman.com\/de\/wp-json\/wp\/v2\/pages\/28224\/revisions\/28787"}],"wp:attachment":[{"href":"https:\/\/around-oman.com\/de\/wp-json\/wp\/v2\/media?parent=28224"}],"curies":[{"name":"wp","href":"https:\/\/api.w.org\/{rel}","templated":true}]}}